{"id":310,"date":"2018-11-09T17:04:41","date_gmt":"2018-11-09T17:04:41","guid":{"rendered":"http:\/\/www.pedrolopezestudio.com\/?page_id=310"},"modified":"2018-11-09T17:32:44","modified_gmt":"2018-11-09T17:32:44","slug":"grupo-flex","status":"publish","type":"page","link":"https:\/\/www.pedrolopezestudio.com\/?page_id=310","title":{"rendered":"GRUPO FLEX"},"content":{"rendered":"<p>Fotografia publicitaria, creaci\u00f3n de decorados, fotograf\u00eda de producto y bodegones de Flex, Mash, Airelom, Dorwin, Noctalia, Dormil\u00f3n, Desan, etc<\/p>\n","protected":false},"excerpt":{"rendered":"<p>Fotografia publicitaria, creaci\u00f3n de decorados, fotograf\u00eda de producto y bodegones de Flex, Mash, Airelom, Dorwin, Noctalia, Dormil\u00f3n, Desan, etc<\/p>\n","protected":false},"author":1,"featured_media":0,"parent":0,"menu_order":0,"comment_status":"closed","ping_status":"closed","template":"gallery_4.php","meta":{"_monsterinsights_skip_tracking":false,"_monsterinsights_sitenote_active":false,"_monsterinsights_sitenote_note":"","_monsterinsights_sitenote_category":0,"footnotes":""},"aioseo_notices":[],"_links":{"self":[{"href":"https:\/\/www.pedrolopezestudio.com\/index.php?rest_route=\/wp\/v2\/pages\/310"}],"collection":[{"href":"https:\/\/www.pedrolopezestudio.com\/index.php?rest_route=\/wp\/v2\/pages"}],"about":[{"href":"https:\/\/www.pedrolopezestudio.com\/index.php?rest_route=\/wp\/v2\/types\/page"}],"author":[{"embeddable":true,"href":"https:\/\/www.pedrolopezestudio.com\/index.php?rest_route=\/wp\/v2\/users\/1"}],"replies":[{"embeddable":true,"href":"https:\/\/www.pedrolopezestudio.com\/index.php?rest_route=%2Fwp%2Fv2%2Fcomments&post=310"}],"version-history":[{"count":3,"href":"https:\/\/www.pedrolopezestudio.com\/index.php?rest_route=\/wp\/v2\/pages\/310\/revisions"}],"predecessor-version":[{"id":342,"href":"https:\/\/www.pedrolopezestudio.com\/index.php?rest_route=\/wp\/v2\/pages\/310\/revisions\/342"}],"wp:attachment":[{"href":"https:\/\/www.pedrolopezestudio.com\/index.php?rest_route=%2Fwp%2Fv2%2Fmedia&parent=310"}],"curies":[{"name":"wp","href":"https:\/\/api.w.org\/{rel}","templated":true}]}}